{"id":307,"date":"2020-07-11T01:34:52","date_gmt":"2020-07-10T16:34:52","guid":{"rendered":"https:\/\/sprachgetriebe-consulting.de\/?page_id=307"},"modified":"2022-01-23T22:45:40","modified_gmt":"2022-01-23T13:45:40","slug":"dienste","status":"publish","type":"page","link":"https:\/\/sprachgetriebe-consulting.de\/?page_id=307","title":{"rendered":"Dienste"},"content":{"rendered":"\t\t<div data-elementor-type=\"wp-page\" data-elementor-id=\"307\" class=\"elementor elementor-307\">\n\t\t\t\t\t\t<section class=\"elementor-section elementor-top-section elementor-element elementor-element-46032d06 elementor-section-stretched elementor-section-boxed elementor-section-height-default elementor-section-height-default\" data-id=\"46032d06\" data-element_type=\"section\" data-e-type=\"section\" data-settings=\"{&quot;background_background&quot;:&quot;classic&quot;,&quot;stretch_section&quot;:&quot;section-stretched&quot;}\">\n\t\t\t\t\t\t<div class=\"elementor-container elementor-column-gap-default\">\n\t\t\t\t\t<div class=\"elementor-column elementor-col-100 elementor-top-column elementor-element elementor-element-592a7534\" data-id=\"592a7534\" data-element_type=\"column\" data-e-type=\"column\">\n\t\t\t<div class=\"elementor-widget-wrap elementor-element-populated\">\n\t\t\t\t\t\t<div class=\"elementor-element elementor-element-1864bb7e elementor-widget elementor-widget-heading\" data-id=\"1864bb7e\" data-element_type=\"widget\" data-e-type=\"widget\" data-widget_type=\"heading.default\">\n\t\t\t\t<div class=\"elementor-widget-container\">\n\t\t\t\t\t<h1 class=\"elementor-heading-title elementor-size-large\">Sprachservice \u00d7 Consulting<\/h1>\t\t\t\t<\/div>\n\t\t\t\t<\/div>\n\t\t\t\t<div class=\"elementor-element elementor-element-6618443c elementor-widget elementor-widget-text-editor\" data-id=\"6618443c\" data-element_type=\"widget\" data-e-type=\"widget\" data-widget_type=\"text-editor.default\">\n\t\t\t\t<div class=\"elementor-widget-container\">\n\t\t\t\t\t\t\t\t\t<p>Sprachgetriebe Consulting ist ein Team von Sprachexperten. Wir sind entweder \u00dcbersetzer oder Dolmetscher, die Erfahrungen in den Bereichen Automobil, Feinmechanik, Telekommunikation, Personalwesen, Luft- und Raumfahrttechnik, Finanzen, Hochschulwesen und\/oder Forschung &amp; Entwicklung gemacht haben. Um Ihre Gesch\u00e4fte mit japanischen Kunden zu unterst\u00fctzen, bieten wir \u00dcbersetzungs- und Dolmetscherdienste sowie kulturelle Beratung \u00fcber den Markteintritt in Japan an. Vertrauen Sie uns und unseren Erfahrungen und Fachwissen von vielf\u00e4ltigen Branchen.<\/p>\t\t\t\t\t\t\t\t<\/div>\n\t\t\t\t<\/div>\n\t\t\t\t\t<\/div>\n\t\t<\/div>\n\t\t\t\t\t<\/div>\n\t\t<\/section>\n\t\t\t\t<section class=\"elementor-section elementor-top-section elementor-element elementor-element-bac7a95 elementor-section-content-middle elementor-section-boxed elementor-section-height-default elementor-section-height-default\" data-id=\"bac7a95\" data-element_type=\"section\" data-e-type=\"section\" data-settings=\"{&quot;background_background&quot;:&quot;classic&quot;}\">\n\t\t\t\t\t\t<div class=\"elementor-container elementor-column-gap-default\">\n\t\t\t\t\t<div class=\"elementor-column elementor-col-50 elementor-top-column elementor-element elementor-element-859edbb\" data-id=\"859edbb\" data-element_type=\"column\" data-e-type=\"column\">\n\t\t\t<div class=\"elementor-widget-wrap elementor-element-populated\">\n\t\t\t\t\t\t<div class=\"elementor-element elementor-element-23711a79 elementor-widget elementor-widget-heading\" data-id=\"23711a79\" data-element_type=\"widget\" data-e-type=\"widget\" data-widget_type=\"heading.default\">\n\t\t\t\t<div class=\"elementor-widget-container\">\n\t\t\t\t\t<h3 class=\"elementor-heading-title elementor-size-large\">\u00dcbersetzung \/ Lokalisierung<\/h3>\t\t\t\t<\/div>\n\t\t\t\t<\/div>\n\t\t\t\t<div class=\"elementor-element elementor-element-5e1366c4 elementor-widget elementor-widget-text-editor\" data-id=\"5e1366c4\" data-element_type=\"widget\" data-e-type=\"widget\" data-widget_type=\"text-editor.default\">\n\t\t\t\t<div class=\"elementor-widget-container\">\n\t\t\t\t\t\t\t\t\t<p>Um in der Kommunikation mit japanischen Kunden Vertrauen aufzubauen, ist es wichtig, dass Ihre Dokumente Ihre Produkte verst\u00e4ndlich und gut pr\u00e4sentieren. Eine unbestreitbare L\u00f6sung ist sie zu lokalisieren. Wir bieten Ihnen eine ansprechende, fachlich pr\u00e4zise und qualitativ hochwertige menschliche \u00dcbersetzung an, die die maschinellen \u00dcbersetzungen nie erreichen k\u00f6nnen.<\/p>\t\t\t\t\t\t\t\t<\/div>\n\t\t\t\t<\/div>\n\t\t\t\t\t<\/div>\n\t\t<\/div>\n\t\t\t\t<div class=\"elementor-column elementor-col-50 elementor-top-column elementor-element elementor-element-57b83aa\" data-id=\"57b83aa\" data-element_type=\"column\" data-e-type=\"column\">\n\t\t\t<div class=\"elementor-widget-wrap elementor-element-populated\">\n\t\t\t\t\t\t<div class=\"elementor-element elementor-element-e8f1c9e elementor-widget elementor-widget-spacer\" data-id=\"e8f1c9e\" data-element_type=\"widget\" data-e-type=\"widget\" data-widget_type=\"spacer.default\">\n\t\t\t\t<div class=\"elementor-widget-container\">\n\t\t\t\t\t\t\t<div class=\"elementor-spacer\">\n\t\t\t<div class=\"elementor-spacer-inner\"><\/div>\n\t\t<\/div>\n\t\t\t\t\t\t<\/div>\n\t\t\t\t<\/div>\n\t\t\t\t<div class=\"elementor-element elementor-element-9651c2b elementor-widget elementor-widget-image\" data-id=\"9651c2b\" data-element_type=\"widget\" data-e-type=\"widget\" data-widget_type=\"image.default\">\n\t\t\t\t<div class=\"elementor-widget-container\">\n\t\t\t\t\t\t\t\t\t\t\t\t\t\t\t<img fetchpriority=\"high\" decoding=\"async\" data-attachment-id=\"299\" data-permalink=\"https:\/\/sprachgetriebe-consulting.de\/?attachment_id=299\" data-orig-file=\"https:\/\/i0.wp.com\/sprachgetriebe-consulting.de\/wp-content\/uploads\/2020\/07\/0629_btn_ill03.png?fit=4000%2C4000&amp;ssl=1\" data-orig-size=\"4000,4000\" data-comments-opened=\"1\" data-image-meta=\"{&quot;aperture&quot;:&quot;0&quot;,&quot;credit&quot;:&quot;&quot;,&quot;camera&quot;:&quot;&quot;,&quot;caption&quot;:&quot;&quot;,&quot;created_timestamp&quot;:&quot;0&quot;,&quot;copyright&quot;:&quot;&quot;,&quot;focal_length&quot;:&quot;0&quot;,&quot;iso&quot;:&quot;0&quot;,&quot;shutter_speed&quot;:&quot;0&quot;,&quot;title&quot;:&quot;&quot;,&quot;orientation&quot;:&quot;0&quot;}\" data-image-title=\"0629_btn_ill03\" data-image-description=\"\" data-image-caption=\"\" data-large-file=\"https:\/\/i0.wp.com\/sprachgetriebe-consulting.de\/wp-content\/uploads\/2020\/07\/0629_btn_ill03.png?fit=900%2C900&amp;ssl=1\" width=\"300\" height=\"300\" src=\"https:\/\/i0.wp.com\/sprachgetriebe-consulting.de\/wp-content\/uploads\/2020\/07\/0629_btn_ill03.png?fit=300%2C300&amp;ssl=1\" class=\"attachment-medium size-medium wp-image-299\" alt=\"\" srcset=\"https:\/\/i0.wp.com\/sprachgetriebe-consulting.de\/wp-content\/uploads\/2020\/07\/0629_btn_ill03.png?w=4000&amp;ssl=1 4000w, https:\/\/i0.wp.com\/sprachgetriebe-consulting.de\/wp-content\/uploads\/2020\/07\/0629_btn_ill03.png?resize=300%2C300&amp;ssl=1 300w, https:\/\/i0.wp.com\/sprachgetriebe-consulting.de\/wp-content\/uploads\/2020\/07\/0629_btn_ill03.png?resize=1024%2C1024&amp;ssl=1 1024w, https:\/\/i0.wp.com\/sprachgetriebe-consulting.de\/wp-content\/uploads\/2020\/07\/0629_btn_ill03.png?resize=150%2C150&amp;ssl=1 150w, https:\/\/i0.wp.com\/sprachgetriebe-consulting.de\/wp-content\/uploads\/2020\/07\/0629_btn_ill03.png?resize=768%2C768&amp;ssl=1 768w, https:\/\/i0.wp.com\/sprachgetriebe-consulting.de\/wp-content\/uploads\/2020\/07\/0629_btn_ill03.png?resize=1536%2C1536&amp;ssl=1 1536w, https:\/\/i0.wp.com\/sprachgetriebe-consulting.de\/wp-content\/uploads\/2020\/07\/0629_btn_ill03.png?resize=2048%2C2048&amp;ssl=1 2048w, https:\/\/i0.wp.com\/sprachgetriebe-consulting.de\/wp-content\/uploads\/2020\/07\/0629_btn_ill03.png?resize=900%2C900&amp;ssl=1 900w, https:\/\/i0.wp.com\/sprachgetriebe-consulting.de\/wp-content\/uploads\/2020\/07\/0629_btn_ill03.png?resize=490%2C490&amp;ssl=1 490w, https:\/\/i0.wp.com\/sprachgetriebe-consulting.de\/wp-content\/uploads\/2020\/07\/0629_btn_ill03.png?resize=80%2C80&amp;ssl=1 80w, https:\/\/i0.wp.com\/sprachgetriebe-consulting.de\/wp-content\/uploads\/2020\/07\/0629_btn_ill03.png?w=2940&amp;ssl=1 2940w\" sizes=\"(max-width: 300px) 100vw, 300px\" data-attachment-id=\"299\" data-permalink=\"https:\/\/sprachgetriebe-consulting.de\/?attachment_id=299\" data-orig-file=\"https:\/\/i0.wp.com\/sprachgetriebe-consulting.de\/wp-content\/uploads\/2020\/07\/0629_btn_ill03.png?fit=4000%2C4000&amp;ssl=1\" data-orig-size=\"4000,4000\" data-comments-opened=\"1\" data-image-meta=\"{&quot;aperture&quot;:&quot;0&quot;,&quot;credit&quot;:&quot;&quot;,&quot;camera&quot;:&quot;&quot;,&quot;caption&quot;:&quot;&quot;,&quot;created_timestamp&quot;:&quot;0&quot;,&quot;copyright&quot;:&quot;&quot;,&quot;focal_length&quot;:&quot;0&quot;,&quot;iso&quot;:&quot;0&quot;,&quot;shutter_speed&quot;:&quot;0&quot;,&quot;title&quot;:&quot;&quot;,&quot;orientation&quot;:&quot;0&quot;}\" data-image-title=\"0629_btn_ill03\" data-image-description=\"\" data-image-caption=\"\" data-large-file=\"https:\/\/i0.wp.com\/sprachgetriebe-consulting.de\/wp-content\/uploads\/2020\/07\/0629_btn_ill03.png?fit=1024%2C1024&amp;ssl=1\" \/>\t\t\t\t\t\t\t\t\t\t\t\t\t\t\t<\/div>\n\t\t\t\t<\/div>\n\t\t\t\t\t<\/div>\n\t\t<\/div>\n\t\t\t\t\t<\/div>\n\t\t<\/section>\n\t\t\t\t<section class=\"elementor-section elementor-top-section elementor-element elementor-element-49365bb1 elementor-section-content-middle elementor-reverse-mobile elementor-section-boxed elementor-section-height-default elementor-section-height-default\" data-id=\"49365bb1\" data-element_type=\"section\" data-e-type=\"section\">\n\t\t\t\t\t\t<div class=\"elementor-container elementor-column-gap-default\">\n\t\t\t\t\t<div class=\"elementor-column elementor-col-50 elementor-top-column elementor-element elementor-element-7b8e3dc8\" data-id=\"7b8e3dc8\" data-element_type=\"column\" data-e-type=\"column\">\n\t\t\t<div class=\"elementor-widget-wrap elementor-element-populated\">\n\t\t\t\t\t\t<div class=\"elementor-element elementor-element-795e7240 elementor-widget elementor-widget-image\" data-id=\"795e7240\" data-element_type=\"widget\" data-e-type=\"widget\" data-widget_type=\"image.default\">\n\t\t\t\t<div class=\"elementor-widget-container\">\n\t\t\t\t\t\t\t\t\t\t\t\t\t\t\t<img decoding=\"async\" data-attachment-id=\"1005\" data-permalink=\"https:\/\/sprachgetriebe-consulting.de\/?attachment_id=1005\" data-orig-file=\"https:\/\/i0.wp.com\/sprachgetriebe-consulting.de\/wp-content\/uploads\/2022\/01\/Interpreting.png?fit=2000%2C2000&amp;ssl=1\" data-orig-size=\"2000,2000\" data-comments-opened=\"1\" data-image-meta=\"{&quot;aperture&quot;:&quot;0&quot;,&quot;credit&quot;:&quot;&quot;,&quot;camera&quot;:&quot;&quot;,&quot;caption&quot;:&quot;&quot;,&quot;created_timestamp&quot;:&quot;0&quot;,&quot;copyright&quot;:&quot;&quot;,&quot;focal_length&quot;:&quot;0&quot;,&quot;iso&quot;:&quot;0&quot;,&quot;shutter_speed&quot;:&quot;0&quot;,&quot;title&quot;:&quot;&quot;,&quot;orientation&quot;:&quot;0&quot;}\" data-image-title=\"Interpreting\" data-image-description=\"\" data-image-caption=\"\" data-large-file=\"https:\/\/i0.wp.com\/sprachgetriebe-consulting.de\/wp-content\/uploads\/2022\/01\/Interpreting.png?fit=900%2C900&amp;ssl=1\" width=\"300\" height=\"300\" src=\"https:\/\/i0.wp.com\/sprachgetriebe-consulting.de\/wp-content\/uploads\/2022\/01\/Interpreting.png?fit=300%2C300&amp;ssl=1\" class=\"attachment-medium size-medium wp-image-1005\" alt=\"\" srcset=\"https:\/\/i0.wp.com\/sprachgetriebe-consulting.de\/wp-content\/uploads\/2022\/01\/Interpreting.png?w=2000&amp;ssl=1 2000w, https:\/\/i0.wp.com\/sprachgetriebe-consulting.de\/wp-content\/uploads\/2022\/01\/Interpreting.png?resize=300%2C300&amp;ssl=1 300w, https:\/\/i0.wp.com\/sprachgetriebe-consulting.de\/wp-content\/uploads\/2022\/01\/Interpreting.png?resize=1024%2C1024&amp;ssl=1 1024w, https:\/\/i0.wp.com\/sprachgetriebe-consulting.de\/wp-content\/uploads\/2022\/01\/Interpreting.png?resize=150%2C150&amp;ssl=1 150w, https:\/\/i0.wp.com\/sprachgetriebe-consulting.de\/wp-content\/uploads\/2022\/01\/Interpreting.png?resize=768%2C768&amp;ssl=1 768w, https:\/\/i0.wp.com\/sprachgetriebe-consulting.de\/wp-content\/uploads\/2022\/01\/Interpreting.png?resize=1536%2C1536&amp;ssl=1 1536w, https:\/\/i0.wp.com\/sprachgetriebe-consulting.de\/wp-content\/uploads\/2022\/01\/Interpreting.png?resize=900%2C900&amp;ssl=1 900w, https:\/\/i0.wp.com\/sprachgetriebe-consulting.de\/wp-content\/uploads\/2022\/01\/Interpreting.png?resize=490%2C490&amp;ssl=1 490w, https:\/\/i0.wp.com\/sprachgetriebe-consulting.de\/wp-content\/uploads\/2022\/01\/Interpreting.png?resize=80%2C80&amp;ssl=1 80w\" sizes=\"(max-width: 300px) 100vw, 300px\" data-attachment-id=\"1005\" data-permalink=\"https:\/\/sprachgetriebe-consulting.de\/?attachment_id=1005\" data-orig-file=\"https:\/\/i0.wp.com\/sprachgetriebe-consulting.de\/wp-content\/uploads\/2022\/01\/Interpreting.png?fit=2000%2C2000&amp;ssl=1\" data-orig-size=\"2000,2000\" data-comments-opened=\"1\" data-image-meta=\"{&quot;aperture&quot;:&quot;0&quot;,&quot;credit&quot;:&quot;&quot;,&quot;camera&quot;:&quot;&quot;,&quot;caption&quot;:&quot;&quot;,&quot;created_timestamp&quot;:&quot;0&quot;,&quot;copyright&quot;:&quot;&quot;,&quot;focal_length&quot;:&quot;0&quot;,&quot;iso&quot;:&quot;0&quot;,&quot;shutter_speed&quot;:&quot;0&quot;,&quot;title&quot;:&quot;&quot;,&quot;orientation&quot;:&quot;0&quot;}\" data-image-title=\"Interpreting\" data-image-description=\"\" data-image-caption=\"\" data-large-file=\"https:\/\/i0.wp.com\/sprachgetriebe-consulting.de\/wp-content\/uploads\/2022\/01\/Interpreting.png?fit=1024%2C1024&amp;ssl=1\" \/>\t\t\t\t\t\t\t\t\t\t\t\t\t\t\t<\/div>\n\t\t\t\t<\/div>\n\t\t\t\t\t<\/div>\n\t\t<\/div>\n\t\t\t\t<div class=\"elementor-column elementor-col-50 elementor-top-column elementor-element elementor-element-7eefc0bf\" data-id=\"7eefc0bf\" data-element_type=\"column\" data-e-type=\"column\">\n\t\t\t<div class=\"elementor-widget-wrap elementor-element-populated\">\n\t\t\t\t\t\t<div class=\"elementor-element elementor-element-6dc33410 elementor-widget elementor-widget-heading\" data-id=\"6dc33410\" data-element_type=\"widget\" data-e-type=\"widget\" data-widget_type=\"heading.default\">\n\t\t\t\t<div class=\"elementor-widget-container\">\n\t\t\t\t\t<h3 class=\"elementor-heading-title elementor-size-large\">Dolmetschen<\/h3>\t\t\t\t<\/div>\n\t\t\t\t<\/div>\n\t\t\t\t<div class=\"elementor-element elementor-element-796e30d9 elementor-widget elementor-widget-text-editor\" data-id=\"796e30d9\" data-element_type=\"widget\" data-e-type=\"widget\" data-widget_type=\"text-editor.default\">\n\t\t\t\t<div class=\"elementor-widget-container\">\n\t\t\t\t\t\t\t\t\t<p><span style=\"background-color: rgba(0, 0, 0, 0);\">Um mit japanischen Kunden in Verbindung reibungslos zu stehen, sollten Sie einen professionellen Dolmetscher\/In einstellen. Professionelle(r) Dolmetscher\/In versteht sowohl Ihre Bed\u00fcrfnisse als auch was Ihre japanische Kunde von Ihnen erwaretet und kann Ihre wichtigen Botschaften an sie \u00fcbermitteln. <\/span><\/p>\t\t\t\t\t\t\t\t<\/div>\n\t\t\t\t<\/div>\n\t\t\t\t\t<\/div>\n\t\t<\/div>\n\t\t\t\t\t<\/div>\n\t\t<\/section>\n\t\t\t\t<section class=\"elementor-section elementor-top-section elementor-element elementor-element-c5dc449 elementor-section-content-middle elementor-section-boxed elementor-section-height-default elementor-section-height-default\" data-id=\"c5dc449\" data-element_type=\"section\" data-e-type=\"section\" data-settings=\"{&quot;background_background&quot;:&quot;classic&quot;}\">\n\t\t\t\t\t\t<div class=\"elementor-container elementor-column-gap-default\">\n\t\t\t\t\t<div class=\"elementor-column elementor-col-50 elementor-top-column elementor-element elementor-element-6328971b\" data-id=\"6328971b\" data-element_type=\"column\" data-e-type=\"column\">\n\t\t\t<div class=\"elementor-widget-wrap elementor-element-populated\">\n\t\t\t\t\t\t<div class=\"elementor-element elementor-element-7f2b6405 elementor-widget elementor-widget-heading\" data-id=\"7f2b6405\" data-element_type=\"widget\" data-e-type=\"widget\" data-widget_type=\"heading.default\">\n\t\t\t\t<div class=\"elementor-widget-container\">\n\t\t\t\t\t<h3 class=\"elementor-heading-title elementor-size-large\">Kulturelle Beratung \u00fcber den Markteintritt in Japan<\/h3>\t\t\t\t<\/div>\n\t\t\t\t<\/div>\n\t\t\t\t<div class=\"elementor-element elementor-element-2768455e elementor-widget elementor-widget-text-editor\" data-id=\"2768455e\" data-element_type=\"widget\" data-e-type=\"widget\" data-widget_type=\"text-editor.default\">\n\t\t\t\t<div class=\"elementor-widget-container\">\n\t\t\t\t\t\t\t\t\t<p>Sprachgetriebe Consulting ist ein Team von \u00dcbersetzern und Dolmetschern. Wir verf\u00fcgen \u00fcber Fachwissen in verschiedenen Branchen von Automobil, Feinmechanik, Telekommunikation, Personalwesen, Luft- und Raumfahrttechnik, Finanzen, Hochschulwesen und\/oder Forschung &amp; Entwicklung und k\u00f6nnen aufgrund unserer internationalen Erfahrungen kulturelle Unterschiede erkennen. Wir bieten auch kulturelle Beratungen \u00fcber den Markteintritt in Japan an.<\/p>\t\t\t\t\t\t\t\t<\/div>\n\t\t\t\t<\/div>\n\t\t\t\t\t<\/div>\n\t\t<\/div>\n\t\t\t\t<div class=\"elementor-column elementor-col-50 elementor-top-column elementor-element elementor-element-6810a97f\" data-id=\"6810a97f\" data-element_type=\"column\" data-e-type=\"column\">\n\t\t\t<div class=\"elementor-widget-wrap elementor-element-populated\">\n\t\t\t\t\t\t<div class=\"elementor-element elementor-element-dd1d60d elementor-widget elementor-widget-image\" data-id=\"dd1d60d\" data-element_type=\"widget\" data-e-type=\"widget\" data-widget_type=\"image.default\">\n\t\t\t\t<div class=\"elementor-widget-container\">\n\t\t\t\t\t\t\t\t\t\t\t\t\t\t\t<img decoding=\"async\" data-attachment-id=\"1007\" data-permalink=\"https:\/\/sprachgetriebe-consulting.de\/?attachment_id=1007\" data-orig-file=\"https:\/\/i0.wp.com\/sprachgetriebe-consulting.de\/wp-content\/uploads\/2022\/01\/CCC.png?fit=2000%2C2000&amp;ssl=1\" data-orig-size=\"2000,2000\" data-comments-opened=\"1\" data-image-meta=\"{&quot;aperture&quot;:&quot;0&quot;,&quot;credit&quot;:&quot;&quot;,&quot;camera&quot;:&quot;&quot;,&quot;caption&quot;:&quot;&quot;,&quot;created_timestamp&quot;:&quot;0&quot;,&quot;copyright&quot;:&quot;&quot;,&quot;focal_length&quot;:&quot;0&quot;,&quot;iso&quot;:&quot;0&quot;,&quot;shutter_speed&quot;:&quot;0&quot;,&quot;title&quot;:&quot;&quot;,&quot;orientation&quot;:&quot;0&quot;}\" data-image-title=\"CCC\" data-image-description=\"\" data-image-caption=\"\" data-large-file=\"https:\/\/i0.wp.com\/sprachgetriebe-consulting.de\/wp-content\/uploads\/2022\/01\/CCC.png?fit=900%2C900&amp;ssl=1\" width=\"300\" height=\"300\" src=\"https:\/\/i0.wp.com\/sprachgetriebe-consulting.de\/wp-content\/uploads\/2022\/01\/CCC.png?fit=300%2C300&amp;ssl=1\" class=\"attachment-medium size-medium wp-image-1007\" alt=\"\" srcset=\"https:\/\/i0.wp.com\/sprachgetriebe-consulting.de\/wp-content\/uploads\/2022\/01\/CCC.png?w=2000&amp;ssl=1 2000w, https:\/\/i0.wp.com\/sprachgetriebe-consulting.de\/wp-content\/uploads\/2022\/01\/CCC.png?resize=300%2C300&amp;ssl=1 300w, https:\/\/i0.wp.com\/sprachgetriebe-consulting.de\/wp-content\/uploads\/2022\/01\/CCC.png?resize=1024%2C1024&amp;ssl=1 1024w, https:\/\/i0.wp.com\/sprachgetriebe-consulting.de\/wp-content\/uploads\/2022\/01\/CCC.png?resize=150%2C150&amp;ssl=1 150w, https:\/\/i0.wp.com\/sprachgetriebe-consulting.de\/wp-content\/uploads\/2022\/01\/CCC.png?resize=768%2C768&amp;ssl=1 768w, https:\/\/i0.wp.com\/sprachgetriebe-consulting.de\/wp-content\/uploads\/2022\/01\/CCC.png?resize=1536%2C1536&amp;ssl=1 1536w, https:\/\/i0.wp.com\/sprachgetriebe-consulting.de\/wp-content\/uploads\/2022\/01\/CCC.png?resize=900%2C900&amp;ssl=1 900w, https:\/\/i0.wp.com\/sprachgetriebe-consulting.de\/wp-content\/uploads\/2022\/01\/CCC.png?resize=490%2C490&amp;ssl=1 490w, https:\/\/i0.wp.com\/sprachgetriebe-consulting.de\/wp-content\/uploads\/2022\/01\/CCC.png?resize=80%2C80&amp;ssl=1 80w\" sizes=\"(max-width: 300px) 100vw, 300px\" data-attachment-id=\"1007\" data-permalink=\"https:\/\/sprachgetriebe-consulting.de\/?attachment_id=1007\" data-orig-file=\"https:\/\/i0.wp.com\/sprachgetriebe-consulting.de\/wp-content\/uploads\/2022\/01\/CCC.png?fit=2000%2C2000&amp;ssl=1\" data-orig-size=\"2000,2000\" data-comments-opened=\"1\" data-image-meta=\"{&quot;aperture&quot;:&quot;0&quot;,&quot;credit&quot;:&quot;&quot;,&quot;camera&quot;:&quot;&quot;,&quot;caption&quot;:&quot;&quot;,&quot;created_timestamp&quot;:&quot;0&quot;,&quot;copyright&quot;:&quot;&quot;,&quot;focal_length&quot;:&quot;0&quot;,&quot;iso&quot;:&quot;0&quot;,&quot;shutter_speed&quot;:&quot;0&quot;,&quot;title&quot;:&quot;&quot;,&quot;orientation&quot;:&quot;0&quot;}\" data-image-title=\"CCC\" data-image-description=\"\" data-image-caption=\"\" data-large-file=\"https:\/\/i0.wp.com\/sprachgetriebe-consulting.de\/wp-content\/uploads\/2022\/01\/CCC.png?fit=1024%2C1024&amp;ssl=1\" \/>\t\t\t\t\t\t\t\t\t\t\t\t\t\t\t<\/div>\n\t\t\t\t<\/div>\n\t\t\t\t\t<\/div>\n\t\t<\/div>\n\t\t\t\t\t<\/div>\n\t\t<\/section>\n\t\t\t\t<section class=\"elementor-section elementor-top-section elementor-element elementor-element-07acc47 elementor-section-boxed elementor-section-height-default elementor-section-height-default\" data-id=\"07acc47\" data-element_type=\"section\" data-e-type=\"section\">\n\t\t\t\t\t\t<div class=\"elementor-container elementor-column-gap-default\">\n\t\t\t\t\t<div class=\"elementor-column elementor-col-100 elementor-top-column elementor-element elementor-element-23b5584\" data-id=\"23b5584\" data-element_type=\"column\" data-e-type=\"column\">\n\t\t\t<div class=\"elementor-widget-wrap elementor-element-populated\">\n\t\t\t\t\t\t<div class=\"elementor-element elementor-element-ca0f79d elementor-widget elementor-widget-text-editor\" data-id=\"ca0f79d\" data-element_type=\"widget\" data-e-type=\"widget\" data-widget_type=\"text-editor.default\">\n\t\t\t\t<div class=\"elementor-widget-container\">\n\t\t\t\t\t\t\t\t\t<h5><a href=\"https:\/\/sprachgetriebe-consulting.de\/?page_id=11\" target=\"_blank\" rel=\"noopener\">Kostenvoranschlag anfragen<\/a>\u00a0 &gt;&gt;<\/h5>\t\t\t\t\t\t\t\t<\/div>\n\t\t\t\t<\/div>\n\t\t\t\t\t<\/div>\n\t\t<\/div>\n\t\t\t\t\t<\/div>\n\t\t<\/section>\n\t\t\t\t<\/div>\n\t\t","protected":false},"excerpt":{"rendered":"<p>Sprachservice \u00d7 Consulting Sprachgetriebe Consulting ist ein Team von Sprachexperten. Wir sind entweder \u00dcbersetzer oder Dolmetscher, die Erfahrungen in den Bereichen Automobil, Feinmechanik, Telekommunikation, Personalwesen, Luft- und Raumfahrttechnik, Finanzen, Hochschulwesen und\/oder Forschung &amp; Entwicklung gemacht haben. Um Ihre Gesch\u00e4fte mit japanischen Kunden zu unterst\u00fctzen, bieten wir \u00dcbersetzungs- und Dolmetscherdienste sowie kulturelle Beratung \u00fcber den Markteintritt [&hellip;]<\/p>\n","protected":false},"author":1,"featured_media":0,"parent":0,"menu_order":0,"comment_status":"closed","ping_status":"closed","template":"template-no-sidebar.php","meta":{"_bbp_topic_count":0,"_bbp_reply_count":0,"_bbp_total_topic_count":0,"_bbp_total_reply_count":0,"_bbp_voice_count":0,"_bbp_anonymous_reply_count":0,"_bbp_topic_count_hidden":0,"_bbp_reply_count_hidden":0,"_bbp_forum_subforum_count":0,"_monsterinsights_skip_tracking":false,"_monsterinsights_sitenote_active":false,"_monsterinsights_sitenote_note":"","_monsterinsights_sitenote_category":0,"jetpack_post_was_ever_published":false,"footnotes":""},"class_list":["post-307","page","type-page","status-publish","hentry"],"aioseo_notices":[],"jetpack_sharing_enabled":true,"jetpack_shortlink":"https:\/\/wp.me\/Pa2bG3-4X","jetpack-related-posts":[],"rttpg_featured_image_url":null,"rttpg_author":{"display_name":"admin","author_link":"https:\/\/sprachgetriebe-consulting.de\/?author=1"},"rttpg_comment":0,"rttpg_category":null,"rttpg_excerpt":"Sprachservice \u00d7 Consulting Sprachgetriebe Consulting ist ein Team von Sprachexperten. Wir sind entweder \u00dcbersetzer oder Dolmetscher, die Erfahrungen in den Bereichen Automobil, Feinmechanik, Telekommunikation, Personalwesen, Luft- und Raumfahrttechnik, Finanzen, Hochschulwesen und\/oder Forschung &amp; Entwicklung gemacht haben. Um Ihre Gesch\u00e4fte mit japanischen Kunden zu unterst\u00fctzen, bieten wir \u00dcbersetzungs- und Dolmetscherdienste sowie kulturelle Beratung \u00fcber den Markteintritt&hellip;","_links":{"self":[{"href":"https:\/\/sprachgetriebe-consulting.de\/index.php?rest_route=\/wp\/v2\/pages\/307","targetHints":{"allow":["GET"]}}],"collection":[{"href":"https:\/\/sprachgetriebe-consulting.de\/index.php?rest_route=\/wp\/v2\/pages"}],"about":[{"href":"https:\/\/sprachgetriebe-consulting.de\/index.php?rest_route=\/wp\/v2\/types\/page"}],"author":[{"embeddable":true,"href":"https:\/\/sprachgetriebe-consulting.de\/index.php?rest_route=\/wp\/v2\/users\/1"}],"replies":[{"embeddable":true,"href":"https:\/\/sprachgetriebe-consulting.de\/index.php?rest_route=%2Fwp%2Fv2%2Fcomments&post=307"}],"version-history":[{"count":13,"href":"https:\/\/sprachgetriebe-consulting.de\/index.php?rest_route=\/wp\/v2\/pages\/307\/revisions"}],"predecessor-version":[{"id":1011,"href":"https:\/\/sprachgetriebe-consulting.de\/index.php?rest_route=\/wp\/v2\/pages\/307\/revisions\/1011"}],"wp:attachment":[{"href":"https:\/\/sprachgetriebe-consulting.de\/index.php?rest_route=%2Fwp%2Fv2%2Fmedia&parent=307"}],"curies":[{"name":"wp","href":"https:\/\/api.w.org\/{rel}","templated":true}]}}